{"id":2832,"date":"2024-06-01T17:12:54","date_gmt":"2024-06-01T15:12:54","guid":{"rendered":"https:\/\/ivonpescaderia.com\/?page_id=2832"},"modified":"2024-06-02T12:43:35","modified_gmt":"2024-06-02T10:43:35","slug":"declaracion-de-accesibilidad","status":"publish","type":"page","link":"https:\/\/karmin-studio.com\/wordpress\/declaracion-de-accesibilidad\/","title":{"rendered":"Declaraci\u00f3n de accesibilidad"},"content":{"rendered":"\t\t<div data-elementor-type=\"wp-page\" data-elementor-id=\"2832\" class=\"elementor elementor-2832\" data-elementor-post-type=\"page\">\n\t\t\t\t\t\t<section class=\"elementor-section elementor-top-section elementor-element elementor-element-4d4a726b elementor-section-boxed elementor-section-height-default elementor-section-height-default\" data-id=\"4d4a726b\" data-element_type=\"section\">\n\t\t\t\t\t\t<div class=\"elementor-container elementor-column-gap-default\">\n\t\t\t\t\t<div class=\"elementor-column elementor-col-100 elementor-top-column elementor-element elementor-element-783c2fc8\" data-id=\"783c2fc8\" data-element_type=\"column\">\n\t\t\t<div class=\"elementor-widget-wrap elementor-element-populated\">\n\t\t\t\t\t\t<div class=\"elementor-element elementor-element-3f8b38e elementor-widget elementor-widget-heading\" data-id=\"3f8b38e\" data-element_type=\"widget\" data-widget_type=\"heading.default\">\n\t\t\t\t<div class=\"elementor-widget-container\">\n\t\t\t<style>\/*! elementor - v3.22.0 - 17-06-2024 *\/\n.elementor-heading-title{padding:0;margin:0;line-height:1}.elementor-widget-heading .elementor-heading-title[class*=elementor-size-]>a{color:inherit;font-size:inherit;line-height:inherit}.elementor-widget-heading .elementor-heading-title.elementor-size-small{font-size:15px}.elementor-widget-heading .elementor-heading-title.elementor-size-medium{font-size:19px}.elementor-widget-heading .elementor-heading-title.elementor-size-large{font-size:29px}.elementor-widget-heading .elementor-heading-title.elementor-size-xl{font-size:39px}.elementor-widget-heading .elementor-heading-title.elementor-size-xxl{font-size:59px}<\/style><h2 class=\"elementor-heading-title elementor-size-default\">Declaraci\u00f3n de accesibilidad<\/h2>\t\t<\/div>\n\t\t\t\t<\/div>\n\t\t\t\t<div class=\"elementor-element elementor-element-69af6447 elementor-widget elementor-widget-text-editor\" data-id=\"69af6447\" data-element_type=\"widget\" data-widget_type=\"text-editor.default\">\n\t\t\t\t<div class=\"elementor-widget-container\">\n\t\t\t<style>\/*! elementor - v3.22.0 - 17-06-2024 *\/\n.elementor-widget-text-editor.elementor-drop-cap-view-stacked .elementor-drop-cap{background-color:#69727d;color:#fff}.elementor-widget-text-editor.elementor-drop-cap-view-framed .elementor-drop-cap{color:#69727d;border:3px solid;background-color:transparent}.elementor-widget-text-editor:not(.elementor-drop-cap-view-default) .elementor-drop-cap{margin-top:8px}.elementor-widget-text-editor:not(.elementor-drop-cap-view-default) .elementor-drop-cap-letter{width:1em;height:1em}.elementor-widget-text-editor .elementor-drop-cap{float:left;text-align:center;line-height:1;font-size:50px}.elementor-widget-text-editor .elementor-drop-cap-letter{display:inline-block}<\/style>\t\t\t\t<article id=\"accssme_218\" class=\"acc_stat_content_detail_article\"><p id=\"accssme_219\">La entidad KarminStudio se ha comprometido a hacer accesible su sitio web de conformidad con el <a id=\"accssme_220\" title=\"Real Decreto 1112\/2018, de 7 de septiembre, sobre accesibilidad de los sitios web y aplicaciones para dispositivos m\u00f3viles. (Abre en nueva ventana)\" href=\"http:\/\/www.boe.es\/diario_boe\/txt.php?id=BOE-A-2018-12699\" target=\"_blank\" rel=\"noopener\">Real Decreto 1112\/2018, de 7 de septiembre, sobre accesibilidad de los sitios web y aplicaciones para dispositivos m\u00f3viles del sector p\u00fablico.<img decoding=\"async\" id=\"accssme_221\" class=\"acc_stat_new_window\" src=\"https:\/\/accedeme.com\/assets\/images\/web\/default\/bands\/accessibility_statement_text\/external-link-alt-solid.png\" alt=\"(Abre en nueva ventana)\" width=\"20px\" \/><\/a><\/p><p id=\"accssme_222\">La presente declaraci\u00f3n de accesibilidad se aplica al sitio web https:\/\/karminstudio.es\/<\/p><\/article><article id=\"accssme_223\" class=\"acc_stat_content_detail_article\"><h2 id=\"accssme_224\">Situaci\u00f3n de cumplimiento<\/h2><p id=\"accssme_225\">Este sitio web es\u00a0<strong id=\"accssme_226\">parcialmente conforme\u00a0<\/strong>con el RD 1112\/2018 debido a las excepciones y a la falta de conformidad de los aspectos que se indican a continuaci\u00f3n.<\/p><\/article><article id=\"accssme_227\" class=\"acc_stat_content_detail_article\"><h2 id=\"accssme_228\">Contenido no accesible<\/h2><p id=\"accssme_229\">El contenido que se recoge a continuaci\u00f3n no es accesible por lo siguiente:<\/p><ol id=\"accssme_230\"><li id=\"accssme_231\"><span id=\"accssme_232\" class=\"acc_stat_bold\">Falta de conformidad con el RD 1112\/2018<\/span><br \/><ul id=\"accssme_233\"><li id=\"accssme_234\"><p id=\"accssme_235\">Existen logotipos e im\u00e1genes con texto alternativo incorrecto o confuso e im\u00e1genes complejas sin descripci\u00f3n textual\u00a0<span id=\"accssme_236\" class=\"acc_stat_italic\">[requisito n\u00famero 9.1.1.1 Contenido no textual, de UNE-EN 301549:2022].<\/span><\/p><\/li><li id=\"accssme_237\"><p id=\"accssme_238\">Existen listas creadas de forma incorrecta (sin etiqueta de lista), tablas con celdas etiquetadas incorrectamente y etiquetas invisibles en elementos de formularios<span id=\"accssme_239\" class=\"acc_stat_italic\">\u00a0[requisito n\u00famero 9.1.3.1 Informaci\u00f3n y relaciones, de UNE-EN 301549:2022].<\/span><\/p><\/li><li id=\"accssme_240\"><p id=\"accssme_241\">Existen tablas no adaptadas a tama\u00f1os de pantalla peque\u00f1os y campos de formulario que no se visualizan correctamente en tama\u00f1os de pantalla peque\u00f1os\u00a0<span id=\"accssme_242\" class=\"acc_stat_italic\">[requisito n\u00famero 9.1.4.10 Reajuste de texto, de UNE-EN 301549:2022]<\/span>.<\/p><\/li><li id=\"accssme_243\"><p id=\"accssme_244\">Existe texto que al cambiar los espacios y alturas de l\u00ednea no se visualiza correctamente<span id=\"accssme_245\" class=\"acc_stat_italic\">\u00a0[requisito n\u00famero 9.1.4.12 Espaciado de texto, de UNE-EN 301549:2022].<\/span><\/p><\/li><li id=\"accssme_246\"><p id=\"accssme_247\">Existen elementos que no son accesibles por teclado, como por ejemplo enlaces a redes sociales, el editor de textos para comentarios, elementos para ordenar resultados de b\u00fasqueda, la paginaci\u00f3n de los resultados de b\u00fasqueda o las flechas de calendario\u00a0<span id=\"accssme_248\" class=\"acc_stat_italic\">[requisito n\u00famero 9.2.1.1 Teclado, de UNE-EN 301549:2022].<\/span><\/p><\/li><li id=\"accssme_249\"><p id=\"accssme_250\">Hay elementos que no reciben el foco y por tanto no se puede interactuar con ellos mediante el teclado, por ejemplo\u00a0<span id=\"accssme_251\" class=\"acc_stat_italic\">[requisito n\u00famero 9.2.4.3 Orden del foco, de UNE-EN 301549:2022]<\/span>.<\/p><\/li><li id=\"accssme_252\"><p id=\"accssme_253\">Hay enlaces en los que no se identifica correctamente su funci\u00f3n (tienen una descripci\u00f3n inadecuada, un texto demasiado gen\u00e9rico, un title inadecuado\u2026).<br id=\"accssme_254\" \/><span id=\"accssme_255\" class=\"acc_stat_italic\">[requisito n\u00famero 9.2.4.4 Prop\u00f3sito de los enlaces, de UNE-EN 301549:2022].<\/span><\/p><\/li><li id=\"accssme_256\"><p id=\"accssme_257\">Hay encabezados con texto repetido y\/o poco descriptivo\u00a0<span id=\"accssme_258\" class=\"acc_stat_italic\">[requisito n\u00famero 9.2.4.6 Encabezados y etiquetas, de UNE-EN 301549:2022].<\/span><\/p><\/li><li id=\"accssme_259\"><p id=\"accssme_260\">Existen im\u00e1genes, infograf\u00edas, textos de enlaces o botones, texto de titulares y contenido que no est\u00e1n traducidos a otros idiomas\u00a0<span id=\"accssme_261\" class=\"acc_stat_italic\">[requisito n\u00famero 9.3.1.2 Idioma de las partes, de UNE-EN 301549:2022]<\/span>.<\/p><\/li><li id=\"accssme_262\"><p id=\"accssme_263\">En alguna p\u00e1gina se est\u00e1 usando el mismo icono para diferentes prop\u00f3sitos, lo cual genera confusi\u00f3n <span id=\"accssme_264\" class=\"acc_stat_italic\">[requisito n\u00famero 9.3.2.4 Identificaci\u00f3n coherente, de UNE-EN 301549:2022]<\/span>.<\/p><\/li><li id=\"accssme_265\"><p id=\"accssme_266\">Existen mensajes de error poco descriptivos, o mensajes de error que no est\u00e1n agrupados en un \u00fanico mensaje as\u00ed como falta de sugerencias en formulario para rellenar los campos correctamente\u00a0<span id=\"accssme_267\" class=\"acc_stat_italic\">[requisito n\u00famero 9.3.3.1 Identificaci\u00f3n de errores, de UNE-EN 301549:2022]<\/span>.<\/p><\/li><li id=\"accssme_268\"><p id=\"accssme_269\">Existen formularios con campos obligatorios donde no se informa al usuario de ello, as\u00ed como campos donde falta un ejemplo textual del formato del campo.<br id=\"accssme_270\" \/>(como por ejemplo el DNI)\u00a0<span id=\"accssme_271\" class=\"acc_stat_italic\">[requisito n\u00famero 9.3.3.2 Etiquetas e instrucciones, de UNE-EN 301549:2022]<\/span>.<\/p><\/li><li id=\"accssme_272\"><p id=\"accssme_273\">Existen campos de formularios donde se informa del error cuando se introduce un valor incorrecto pero no se informa de una sugerencia para su correcci\u00f3n.<br id=\"accssme_274\" \/><span id=\"accssme_275\" class=\"acc_stat_italic\">[requisito n\u00famero 9.3.3.3 Sugerencias ante errores, de UNE-EN 301549:2022]<\/span>.<\/p><\/li><li id=\"accssme_276\"><p id=\"accssme_277\">Existen p\u00e1ginas con errores de sintaxis y por tanto alg\u00fan producto de apoyo puede no interpretar correctamente el contenido (IDs de p\u00e1gina duplicados, etiquetas sin cerrar, construcci\u00f3n incorrecta de etiquetas\u2026).<span id=\"accssme_278\" class=\"acc_stat_italic\">\u00a0[requisito n\u00famero 9.4.1.1 Procesamiento, de UNE-EN 301549:2022]<\/span>.<\/p><\/li><li id=\"accssme_279\"><p id=\"accssme_280\">Existen p\u00e1ginas en las que los productos de apoyo no van a poder obtener informaci\u00f3n, interactuar y estar al corriente del estado de los controles de interfaz de usuario, como por ejemplo, mensajes de ayuda, mensajes de estado de resultado de acciones, atributos de enlaces, imagen de idioma de p\u00e1gina\u2026 que no podr\u00e1n ser le\u00eddo por lectores de pantalla en el momento en el que aparecen\u00a0<span id=\"accssme_281\" class=\"acc_stat_italic\">[requisito n\u00famero 9.4.1.2 Nombre, funci\u00f3n, valor de UNE-EN 301549:2022]<\/span>.<\/p><\/li><li id=\"accssme_282\"><p id=\"accssme_283\">Podr\u00edan existir fallos puntuales de edici\u00f3n en alguna p\u00e1gina web.<\/p><\/li><\/ul><\/li><li id=\"accssme_284\"><span id=\"accssme_285\" class=\"acc_stat_bold\">Carga desproporcionada<\/span><br \/><ul id=\"accssme_286\"><li id=\"accssme_287\">No aplica.<\/li><\/ul><\/li><li id=\"accssme_288\"><span id=\"accssme_289\" class=\"acc_stat_bold\">El contenido no entra dentro del \u00e1mbito de la legislaci\u00f3n aplicable<\/span><br \/><ul id=\"accssme_290\"><li id=\"accssme_291\"><p id=\"accssme_292\">Podr\u00edan existir archivos ofim\u00e1ticos en PDF u otros formatos publicados antes del 20 de septiembre de 2018 que no cumplan en su totalidad todos los requisitos de accesibilidad. Aunque se ha procurado que la mayor\u00eda de ellos s\u00ed lo cumplan.<\/p><\/li><\/ul><\/li><\/ol><\/article><article id=\"accssme_293\" class=\"acc_stat_content_detail_article\"><h2 id=\"accssme_294\">Preparaci\u00f3n de la presente declaraci\u00f3n de accesibilidad<\/h2><p id=\"accssme_295\">La presente declaraci\u00f3n fue preparada el 03\/06\/2024.<\/p><p id=\"accssme_296\">El m\u00e9todo empleado para preparar la declaraci\u00f3n ha sido una autoevaluaci\u00f3n llevada a cabo por la propia entidad.<\/p><p id=\"accssme_297\">\u00daltima revisi\u00f3n de la declaraci\u00f3n: 03\/06\/2024.<\/p><\/article><article id=\"accssme_298\" class=\"acc_stat_content_detail_article\"><h2 id=\"accssme_299\" class=\"acc_stat_h2\">Observaciones y datos de contacto<\/h2><div id=\"accssme_300\"><p id=\"accssme_301\">Puede realizar\u00a0<span id=\"accssme_302\" class=\"acc_stat_bold\">comunicaciones\u00a0<\/span>sobre requisitos de accesibilidad (art\u00edculo 10.2.a) del RD 1112\/2018) como por ejemplo:<\/p><\/div><div id=\"accssme_303\"><ul id=\"accssme_304\"><li id=\"accssme_305\">informar sobre cualquier posible\u00a0<span id=\"accssme_306\" class=\"acc_stat_bold\">incumplimiento<\/span>\u00a0por parte de este sitio web<\/li><li id=\"accssme_307\">transmitir otras\u00a0<span id=\"accssme_308\" class=\"acc_stat_bold\">dificultades de acceso\u00a0<\/span>al contenido<\/li><li id=\"accssme_309\">formular cualquier otra\u00a0<span id=\"accssme_310\" class=\"acc_stat_bold\">consulta o sugerencia de mejora\u00a0<\/span>relativa a la accesibilidad del sitio web<\/li><\/ul><blockquote><p id=\"accssme_311\">A trav\u00e9s del siguiente\u00a0<a id=\"accssme_312\" title=\"formulario de contacto\" href=\"https:\/\/uribekostaseatours.es\/contacto\/\" data-wplink-edit=\"true\" target=\"_blank\" rel=\"noopener\">formulario de contacto.<\/a><\/p><\/blockquote><\/div><p id=\"accssme_313\">Puede presentar:<\/p><ul id=\"accssme_314\"><li id=\"accssme_315\">una\u00a0<span id=\"accssme_316\" class=\"acc_stat_bold\">Queja\u00a0<\/span>relativa al cumplimiento de los requisitos del RD 1112\/2018 o<\/li><li id=\"accssme_317\">una\u00a0<span id=\"accssme_318\" class=\"acc_stat_bold\">Solicitud de Informaci\u00f3n accesible\u00a0<\/span>relativa a:<br \/><ul id=\"accssme_319\"><li id=\"accssme_320\"><span id=\"accssme_321\" class=\"acc_stat_bold\">contenidos\u00a0<\/span>que est\u00e1n\u00a0<span id=\"accssme_322\" class=\"acc_stat_bold\">excluidos<\/span>\u00a0del\u00a0<span id=\"accssme_323\" class=\"acc_stat_bold\">\u00e1mbito de aplicaci\u00f3n\u00a0<\/span>del RD 1112\/2018 seg\u00fan lo establecido por el art\u00edculo 3, apartado 4<\/li><li id=\"accssme_324\"><span id=\"accssme_325\" class=\"acc_stat_bold\">contenidos\u00a0<\/span>que est\u00e1n\u00a0<span id=\"accssme_326\" class=\"acc_stat_bold\">exentos\u00a0<\/span>del\u00a0<span id=\"accssme_327\" class=\"acc_stat_bold\">cumplimiento\u00a0<\/span>de los requisitos de accesibilidad por imponer una\u00a0<span id=\"accssme_328\" class=\"acc_stat_bold\">carga desproporcionada<\/span>.<\/li><\/ul><\/li><\/ul><p id=\"accssme_329\">En la Solicitud de informaci\u00f3n accesible, se debe concretar, con toda claridad, los hechos, razones y petici\u00f3n que permitan constatar que se trata de una solicitud razonable y leg\u00edtima.<\/p><\/article><article id=\"accssme_330\" class=\"acc_stat_content_detail_article\"><h2 id=\"accssme_331\">Contenido opcional<\/h2><p id=\"accssme_332\">Este sitio web aplica los requisitos de la<span id=\"accssme_333\" class=\"acc_stat_bold\">\u00a0Norma UNE-EN 301549:2022<\/span>\u00a0considerando las excepciones del RD 1112\/2018.<\/p><p id=\"accssme_334\">La \u00faltima revisi\u00f3n de la accesibilidad se ha realizado en 03\/06\/2024.<\/p><p id=\"accssme_335\">El sitio web est\u00e1 optimizado para los navegadores Microsoft Internet Explorer 8.0 o versiones superiores y las \u00faltimas versiones vigentes de FireFox, Safari, Opera y Google Chrome. La\u00a0<span id=\"accssme_336\" class=\"acc_stat_bold\">resoluci\u00f3n<\/span>\u00a0web\u00a0<span id=\"accssme_337\" class=\"acc_stat_bold\">m\u00ednima<\/span>\u00a0recomendada es de\u00a0<span id=\"accssme_338\" class=\"acc_stat_bold\">1280\u00d71024<\/span>.<\/p><p id=\"accssme_339\">El sitio web est\u00e1 dise\u00f1ado para su visualizaci\u00f3n Responsive, con lo que se visualiza de forma \u00f3ptima en los dispositivos tablet y m\u00f3viles. En estos dispositivos est\u00e1 optimizado para su visualizaci\u00f3n en las \u00faltimas versiones vigentes de Chrome for mobile, Firefox for mobile, Safari mobile, Opera Mini y navegador nativo de Android.<\/p><\/article>\t\t\t\t\t\t<\/div>\n\t\t\t\t<\/div>\n\t\t\t\t\t<\/div>\n\t\t<\/div>\n\t\t\t\t\t<\/div>\n\t\t<\/section>\n\t\t\t\t<\/div>\n\t\t","protected":false},"excerpt":{"rendered":"<p>Declaraci\u00f3n de accesibilidad La entidad KarminStudio se ha comprometido a hacer accesible su sitio web de conformidad con el Real Decreto 1112\/2018, de 7 de septiembre, sobre accesibilidad de los sitios web y aplicaciones para dispositivos m\u00f3viles del sector p\u00fablico. La presente declaraci\u00f3n de accesibilidad se aplica al sitio web https:\/\/karminstudio.es\/ Situaci\u00f3n de cumplimiento Este [&hellip;]<\/p>\n","protected":false},"author":1,"featured_media":0,"parent":0,"menu_order":0,"comment_status":"closed","ping_status":"closed","template":"","meta":{"footnotes":""},"class_list":["post-2832","page","type-page","status-publish","hentry"],"_links":{"self":[{"href":"https:\/\/karmin-studio.com\/wordpress\/wp-json\/wp\/v2\/pages\/2832","targetHints":{"allow":["GET"]}}],"collection":[{"href":"https:\/\/karmin-studio.com\/wordpress\/wp-json\/wp\/v2\/pages"}],"about":[{"href":"https:\/\/karmin-studio.com\/wordpress\/wp-json\/wp\/v2\/types\/page"}],"author":[{"embeddable":true,"href":"https:\/\/karmin-studio.com\/wordpress\/wp-json\/wp\/v2\/users\/1"}],"replies":[{"embeddable":true,"href":"https:\/\/karmin-studio.com\/wordpress\/wp-json\/wp\/v2\/comments?post=2832"}],"version-history":[{"count":4,"href":"https:\/\/karmin-studio.com\/wordpress\/wp-json\/wp\/v2\/pages\/2832\/revisions"}],"predecessor-version":[{"id":2975,"href":"https:\/\/karmin-studio.com\/wordpress\/wp-json\/wp\/v2\/pages\/2832\/revisions\/2975"}],"wp:attachment":[{"href":"https:\/\/karmin-studio.com\/wordpress\/wp-json\/wp\/v2\/media?parent=2832"}],"curies":[{"name":"wp","href":"https:\/\/api.w.org\/{rel}","templated":true}]}}